{"id":6,"date":"2023-10-21T05:27:31","date_gmt":"2023-10-21T03:27:31","guid":{"rendered":"http:\/\/rabolini.fr\/?page_id=6"},"modified":"2025-06-19T09:26:13","modified_gmt":"2025-06-19T07:26:13","slug":"home","status":"publish","type":"page","link":"https:\/\/rabolini.fr\/","title":{"rendered":"Accueil"},"content":{"rendered":"\t\t<div data-elementor-type=\"wp-post\" data-elementor-id=\"6\" class=\"elementor elementor-6\" data-elementor-post-type=\"page\">\n\t\t\t\t<div class=\"elementor-element elementor-element-ed8e9ed e-flex e-con-boxed e-con e-parent\" data-id=\"ed8e9ed\" data-element_type=\"container\">\n\t\t\t\t\t<div class=\"e-con-inner\">\n\t\t<div class=\"elementor-element elementor-element-fa9df8a e-con-full e-flex e-con e-child\" data-id=\"fa9df8a\" data-element_type=\"container\" data-settings=\"{&quot;background_background&quot;:&quot;gradient&quot;}\">\n\t\t\t\t<div class=\"elementor-element elementor-element-3dbd77a elementor-widget__width-inherit elementor-widget elementor-widget-heading\" data-id=\"3dbd77a\" data-element_type=\"widget\" data-widget_type=\"heading.default\">\n\t\t\t\t<div class=\"elementor-widget-container\">\n\t\t\t\t\t<h2 class=\"elementor-heading-title elementor-size-default\">HELLO !<\/h2>\t\t\t\t<\/div>\n\t\t\t\t<\/div>\n\t\t\t\t<div class=\"elementor-element elementor-element-f58e42f elementor-widget elementor-widget-text-editor\" data-id=\"f58e42f\" data-element_type=\"widget\" data-widget_type=\"text-editor.default\">\n\t\t\t\t<div class=\"elementor-widget-container\">\n\t\t\t\t\t\t\t\t\t<p>Flexmotion est une agence de cr\u00e9ation sp\u00e9cialis\u00e9e en Motion Design, Films Publicitaires, Photographie et Design Graphique<\/p>\t\t\t\t\t\t\t\t<\/div>\n\t\t\t\t<\/div>\n\t\t\t\t<\/div>\n\t\t\t\t<div class=\"elementor-element elementor-element-ad9da4f elementor-widget__width-inherit elementor-hidden-desktop elementor-hidden-tablet elementor-widget elementor-widget-video\" data-id=\"ad9da4f\" data-element_type=\"widget\" data-settings=\"{&quot;video_type&quot;:&quot;hosted&quot;,&quot;autoplay&quot;:&quot;yes&quot;,&quot;loop&quot;:&quot;yes&quot;,&quot;play_on_mobile&quot;:&quot;yes&quot;}\" data-widget_type=\"video.default\">\n\t\t\t\t<div class=\"elementor-widget-container\">\n\t\t\t\t\t\t\t<div class=\"e-hosted-video elementor-wrapper elementor-open-inline\">\n\t\t\t\t\t<video class=\"elementor-video\" src=\"http:\/\/rabolini.fr\/wp-content\/uploads\/2024\/06\/Flexmotion-Vertical.mp4\" autoplay=\"\" loop=\"\" playsinline=\"\" controlsList=\"nodownload\" poster=\"http:\/\/rabolini.fr\/wp-content\/uploads\/2024\/06\/Flexmotion-Vertical.jpg\"><\/video>\n\t\t\t\t<\/div>\n\t\t\t\t\t\t<\/div>\n\t\t\t\t<\/div>\n\t\t\t\t<div class=\"elementor-element elementor-element-c7bf748 elementor-widget__width-inherit elementor-hidden-mobile elementor-widget elementor-widget-video\" data-id=\"c7bf748\" data-element_type=\"widget\" data-settings=\"{&quot;video_type&quot;:&quot;hosted&quot;,&quot;autoplay&quot;:&quot;yes&quot;,&quot;loop&quot;:&quot;yes&quot;}\" data-widget_type=\"video.default\">\n\t\t\t\t<div class=\"elementor-widget-container\">\n\t\t\t\t\t\t\t<div class=\"e-hosted-video elementor-wrapper elementor-open-inline\">\n\t\t\t\t\t<video class=\"elementor-video\" src=\"http:\/\/rabolini.fr\/wp-content\/uploads\/2024\/06\/Flexmotion.mp4\" autoplay=\"\" loop=\"\" controlsList=\"nodownload\" poster=\"http:\/\/rabolini.fr\/wp-content\/uploads\/2024\/06\/Flexmotion.jpg\"><\/video>\n\t\t\t\t<\/div>\n\t\t\t\t\t\t<\/div>\n\t\t\t\t<\/div>\n\t\t\t\t<div class=\"elementor-element elementor-element-00baed8 elementor-widget-divider--view-line_text elementor-widget-divider--element-align-center elementor-widget elementor-widget-divider\" data-id=\"00baed8\" data-element_type=\"widget\" data-widget_type=\"divider.default\">\n\t\t\t\t<div class=\"elementor-widget-container\">\n\t\t\t\t\t\t\t<div class=\"elementor-divider\">\n\t\t\t<span class=\"elementor-divider-separator\">\n\t\t\t\t\t\t\t<span class=\"elementor-divider__text elementor-divider__element\">\n\t\t\t\tCLIENTS\t\t\t\t<\/span>\n\t\t\t\t\t\t<\/span>\n\t\t<\/div>\n\t\t\t\t\t\t<\/div>\n\t\t\t\t<\/div>\n\t\t<div class=\"elementor-element elementor-element-2e0bf46 e-grid e-con-boxed elementor-invisible e-con e-child\" data-id=\"2e0bf46\" data-element_type=\"container\" data-settings=\"{&quot;animation&quot;:&quot;zoomIn&quot;}\">\n\t\t\t\t\t<div class=\"e-con-inner\">\n\t\t\t\t<div class=\"elementor-element elementor-element-3ffbe49 elementor-widget elementor-widget-image\" data-id=\"3ffbe49\" data-element_type=\"widget\" data-settings=\"{&quot;_animation&quot;:&quot;none&quot;}\" data-widget_type=\"image.default\">\n\t\t\t\t<div class=\"elementor-widget-container\">\n\t\t\t\t\t\t\t\t\t\t\t\t\t\t\t<img fetchpriority=\"high\" decoding=\"async\" width=\"1024\" height=\"345\" src=\"https:\/\/rabolini.fr\/wp-content\/uploads\/2024\/06\/ville-de-nancy.svg\" class=\"attachment-large size-large wp-image-1189\" alt=\"\" \/>\t\t\t\t\t\t\t\t\t\t\t\t\t\t\t<\/div>\n\t\t\t\t<\/div>\n\t\t\t\t<div class=\"elementor-element elementor-element-8e2508a elementor-widget elementor-widget-image\" data-id=\"8e2508a\" data-element_type=\"widget\" data-widget_type=\"image.default\">\n\t\t\t\t<div class=\"elementor-widget-container\">\n\t\t\t\t\t\t\t\t\t\t\t\t\t\t\t<img decoding=\"async\" width=\"360\" height=\"560\" src=\"https:\/\/rabolini.fr\/wp-content\/uploads\/2024\/06\/MULHOUSE.svg\" class=\"attachment-large size-large wp-image-1285\" alt=\"\" \/>\t\t\t\t\t\t\t\t\t\t\t\t\t\t\t<\/div>\n\t\t\t\t<\/div>\n\t\t\t\t<div class=\"elementor-element elementor-element-c6d782f elementor-widget elementor-widget-image\" data-id=\"c6d782f\" data-element_type=\"widget\" data-settings=\"{&quot;_animation&quot;:&quot;none&quot;}\" data-widget_type=\"image.default\">\n\t\t\t\t<div class=\"elementor-widget-container\">\n\t\t\t\t\t\t\t\t\t\t\t\t\t\t\t<img decoding=\"async\" width=\"600\" height=\"239\" src=\"https:\/\/rabolini.fr\/wp-content\/uploads\/2024\/06\/Logo_Metropole_Grand_Nancy.svg\" class=\"attachment-large size-large wp-image-1168\" alt=\"\" \/>\t\t\t\t\t\t\t\t\t\t\t\t\t\t\t<\/div>\n\t\t\t\t<\/div>\n\t\t\t\t<div class=\"elementor-element elementor-element-5c93a89 elementor-widget elementor-widget-image\" data-id=\"5c93a89\" data-element_type=\"widget\" data-widget_type=\"image.default\">\n\t\t\t\t<div class=\"elementor-widget-container\">\n\t\t\t\t\t\t\t\t\t\t\t\t\t\t\t<img loading=\"lazy\" decoding=\"async\" width=\"350\" height=\"130\" src=\"https:\/\/rabolini.fr\/wp-content\/uploads\/2024\/06\/Ville-de-Vence.svg\" class=\"attachment-large size-large wp-image-1290\" alt=\"\" \/>\t\t\t\t\t\t\t\t\t\t\t\t\t\t\t<\/div>\n\t\t\t\t<\/div>\n\t\t\t\t<div class=\"elementor-element elementor-element-0e8abaa elementor-widget elementor-widget-image\" data-id=\"0e8abaa\" data-element_type=\"widget\" data-widget_type=\"image.default\">\n\t\t\t\t<div class=\"elementor-widget-container\">\n\t\t\t\t\t\t\t\t\t\t\t\t\t\t\t<img loading=\"lazy\" decoding=\"async\" width=\"173\" height=\"54\" src=\"https:\/\/rabolini.fr\/wp-content\/uploads\/2024\/06\/Destination_Nancy.svg\" class=\"attachment-large size-large wp-image-1166\" alt=\"\" \/>\t\t\t\t\t\t\t\t\t\t\t\t\t\t\t<\/div>\n\t\t\t\t<\/div>\n\t\t\t\t<div class=\"elementor-element elementor-element-8ec15bc elementor-widget elementor-widget-image\" data-id=\"8ec15bc\" data-element_type=\"widget\" data-widget_type=\"image.default\">\n\t\t\t\t<div class=\"elementor-widget-container\">\n\t\t\t\t\t\t\t\t\t\t\t\t\t\t\t<img loading=\"lazy\" decoding=\"async\" width=\"500\" height=\"600\" src=\"https:\/\/rabolini.fr\/wp-content\/uploads\/2024\/06\/Meurthe-Moselle-Departement.svg\" class=\"attachment-large size-large wp-image-1283\" alt=\"\" \/>\t\t\t\t\t\t\t\t\t\t\t\t\t\t\t<\/div>\n\t\t\t\t<\/div>\n\t\t\t\t<div class=\"elementor-element elementor-element-1396e24 elementor-widget elementor-widget-image\" data-id=\"1396e24\" data-element_type=\"widget\" data-settings=\"{&quot;_animation&quot;:&quot;none&quot;}\" data-widget_type=\"image.default\">\n\t\t\t\t<div class=\"elementor-widget-container\">\n\t\t\t\t\t\t\t\t\t\t\t\t\t\t\t<img loading=\"lazy\" decoding=\"async\" width=\"1024\" height=\"227\" src=\"https:\/\/rabolini.fr\/wp-content\/uploads\/2024\/06\/Keolis.svg\" class=\"attachment-large size-large wp-image-1167\" alt=\"\" \/>\t\t\t\t\t\t\t\t\t\t\t\t\t\t\t<\/div>\n\t\t\t\t<\/div>\n\t\t\t\t<div class=\"elementor-element elementor-element-e5a6c93 elementor-widget elementor-widget-image\" data-id=\"e5a6c93\" data-element_type=\"widget\" data-widget_type=\"image.default\">\n\t\t\t\t<div class=\"elementor-widget-container\">\n\t\t\t\t\t\t\t\t\t\t\t\t\t\t\t<img loading=\"lazy\" decoding=\"async\" width=\"1024\" height=\"723\" src=\"https:\/\/rabolini.fr\/wp-content\/uploads\/2024\/06\/Credit-Agricole.svg\" class=\"attachment-large size-large wp-image-1191\" alt=\"\" \/>\t\t\t\t\t\t\t\t\t\t\t\t\t\t\t<\/div>\n\t\t\t\t<\/div>\n\t\t\t\t<div class=\"elementor-element elementor-element-d6e48a1 elementor-widget elementor-widget-image\" data-id=\"d6e48a1\" data-element_type=\"widget\" data-widget_type=\"image.default\">\n\t\t\t\t<div class=\"elementor-widget-container\">\n\t\t\t\t\t\t\t\t\t\t\t\t\t\t\t<img loading=\"lazy\" decoding=\"async\" width=\"180\" height=\"180\" src=\"https:\/\/rabolini.fr\/wp-content\/uploads\/2024\/06\/RTE.svg\" class=\"attachment-full size-full wp-image-1170\" alt=\"\" \/>\t\t\t\t\t\t\t\t\t\t\t\t\t\t\t<\/div>\n\t\t\t\t<\/div>\n\t\t\t\t<div class=\"elementor-element elementor-element-cdd43a6 elementor-widget elementor-widget-image\" data-id=\"cdd43a6\" data-element_type=\"widget\" data-settings=\"{&quot;_animation&quot;:&quot;none&quot;}\" data-widget_type=\"image.default\">\n\t\t\t\t<div class=\"elementor-widget-container\">\n\t\t\t\t\t\t\t\t\t\t\t\t\t\t\t<img loading=\"lazy\" decoding=\"async\" width=\"630\" height=\"238\" src=\"https:\/\/rabolini.fr\/wp-content\/uploads\/2024\/06\/Logo_UL.png\" class=\"attachment-large size-large wp-image-1190\" alt=\"\" srcset=\"https:\/\/rabolini.fr\/wp-content\/uploads\/2024\/06\/Logo_UL.png 630w, https:\/\/rabolini.fr\/wp-content\/uploads\/2024\/06\/Logo_UL-300x113.png 300w\" sizes=\"(max-width: 630px) 100vw, 630px\" \/>\t\t\t\t\t\t\t\t\t\t\t\t\t\t\t<\/div>\n\t\t\t\t<\/div>\n\t\t\t\t<div class=\"elementor-element elementor-element-15c48f9 elementor-widget elementor-widget-image\" data-id=\"15c48f9\" data-element_type=\"widget\" data-widget_type=\"image.default\">\n\t\t\t\t<div class=\"elementor-widget-container\">\n\t\t\t\t\t\t\t\t\t\t\t\t\t\t\t<img loading=\"lazy\" decoding=\"async\" width=\"600\" height=\"163\" src=\"https:\/\/rabolini.fr\/wp-content\/uploads\/2024\/06\/vinci-energies.svg\" class=\"attachment-large size-large wp-image-1315\" alt=\"\" \/>\t\t\t\t\t\t\t\t\t\t\t\t\t\t\t<\/div>\n\t\t\t\t<\/div>\n\t\t\t\t<div class=\"elementor-element elementor-element-bd735e4 elementor-widget elementor-widget-image\" data-id=\"bd735e4\" data-element_type=\"widget\" data-widget_type=\"image.default\">\n\t\t\t\t<div class=\"elementor-widget-container\">\n\t\t\t\t\t\t\t\t\t\t\t\t\t\t\t<img loading=\"lazy\" decoding=\"async\" width=\"1024\" height=\"382\" src=\"https:\/\/rabolini.fr\/wp-content\/uploads\/2024\/06\/Citeos.svg\" class=\"attachment-large size-large wp-image-1300\" alt=\"\" \/>\t\t\t\t\t\t\t\t\t\t\t\t\t\t\t<\/div>\n\t\t\t\t<\/div>\n\t\t\t\t<div class=\"elementor-element elementor-element-85e5c2e elementor-widget elementor-widget-image\" data-id=\"85e5c2e\" data-element_type=\"widget\" data-widget_type=\"image.default\">\n\t\t\t\t<div class=\"elementor-widget-container\">\n\t\t\t\t\t\t\t\t\t\t\t\t\t\t\t<img loading=\"lazy\" decoding=\"async\" width=\"1024\" height=\"273\" src=\"https:\/\/rabolini.fr\/wp-content\/uploads\/2024\/06\/Actemium-1024x273.png\" class=\"attachment-large size-large wp-image-1162\" alt=\"\" srcset=\"https:\/\/rabolini.fr\/wp-content\/uploads\/2024\/06\/Actemium-1024x273.png 1024w, https:\/\/rabolini.fr\/wp-content\/uploads\/2024\/06\/Actemium-300x80.png 300w, https:\/\/rabolini.fr\/wp-content\/uploads\/2024\/06\/Actemium-768x205.png 768w, https:\/\/rabolini.fr\/wp-content\/uploads\/2024\/06\/Actemium.png 1498w\" sizes=\"(max-width: 1024px) 100vw, 1024px\" \/>\t\t\t\t\t\t\t\t\t\t\t\t\t\t\t<\/div>\n\t\t\t\t<\/div>\n\t\t\t\t<div class=\"elementor-element elementor-element-43ee84c elementor-widget elementor-widget-image\" data-id=\"43ee84c\" data-element_type=\"widget\" data-widget_type=\"image.default\">\n\t\t\t\t<div class=\"elementor-widget-container\">\n\t\t\t\t\t\t\t\t\t\t\t\t\t\t\t<img loading=\"lazy\" decoding=\"async\" width=\"820\" height=\"220\" src=\"https:\/\/rabolini.fr\/wp-content\/uploads\/2024\/06\/Mathieu.svg\" class=\"attachment-large size-large wp-image-1289\" alt=\"\" \/>\t\t\t\t\t\t\t\t\t\t\t\t\t\t\t<\/div>\n\t\t\t\t<\/div>\n\t\t\t\t<div class=\"elementor-element elementor-element-c53fd84 elementor-widget elementor-widget-image\" data-id=\"c53fd84\" data-element_type=\"widget\" data-settings=\"{&quot;_animation&quot;:&quot;none&quot;}\" data-widget_type=\"image.default\">\n\t\t\t\t<div class=\"elementor-widget-container\">\n\t\t\t\t\t\t\t\t\t\t\t\t\t\t\t<img loading=\"lazy\" decoding=\"async\" width=\"1024\" height=\"825\" src=\"https:\/\/rabolini.fr\/wp-content\/uploads\/2024\/06\/sanofi-2011.svg\" class=\"attachment-large size-large wp-image-1171\" alt=\"\" \/>\t\t\t\t\t\t\t\t\t\t\t\t\t\t\t<\/div>\n\t\t\t\t<\/div>\n\t\t\t\t<div class=\"elementor-element elementor-element-1b3eb74 elementor-widget elementor-widget-image\" data-id=\"1b3eb74\" data-element_type=\"widget\" data-widget_type=\"image.default\">\n\t\t\t\t<div class=\"elementor-widget-container\">\n\t\t\t\t\t\t\t\t\t\t\t\t\t\t\t<img loading=\"lazy\" decoding=\"async\" width=\"179\" height=\"38\" src=\"https:\/\/rabolini.fr\/wp-content\/uploads\/2024\/06\/Novasep.svg\" class=\"attachment-large size-large wp-image-1306\" alt=\"\" \/>\t\t\t\t\t\t\t\t\t\t\t\t\t\t\t<\/div>\n\t\t\t\t<\/div>\n\t\t\t\t<div class=\"elementor-element elementor-element-9064067 elementor-widget elementor-widget-image\" data-id=\"9064067\" data-element_type=\"widget\" data-widget_type=\"image.default\">\n\t\t\t\t<div class=\"elementor-widget-container\">\n\t\t\t\t\t\t\t\t\t\t\t\t\t\t\t<img loading=\"lazy\" decoding=\"async\" width=\"194\" height=\"98\" src=\"https:\/\/rabolini.fr\/wp-content\/uploads\/2024\/06\/Bouygues-Batiments.svg\" class=\"attachment-large size-large wp-image-1280\" alt=\"\" \/>\t\t\t\t\t\t\t\t\t\t\t\t\t\t\t<\/div>\n\t\t\t\t<\/div>\n\t\t\t\t<div class=\"elementor-element elementor-element-36ec4b3 elementor-widget elementor-widget-image\" data-id=\"36ec4b3\" data-element_type=\"widget\" data-widget_type=\"image.default\">\n\t\t\t\t<div class=\"elementor-widget-container\">\n\t\t\t\t\t\t\t\t\t\t\t\t\t\t\t<img loading=\"lazy\" decoding=\"async\" width=\"1024\" height=\"192\" src=\"https:\/\/rabolini.fr\/wp-content\/uploads\/2024\/06\/BATIGERE.svg\" class=\"attachment-large size-large wp-image-1279\" alt=\"\" \/>\t\t\t\t\t\t\t\t\t\t\t\t\t\t\t<\/div>\n\t\t\t\t<\/div>\n\t\t\t\t<div class=\"elementor-element elementor-element-5256478 elementor-widget elementor-widget-image\" data-id=\"5256478\" data-element_type=\"widget\" data-widget_type=\"image.default\">\n\t\t\t\t<div class=\"elementor-widget-container\">\n\t\t\t\t\t\t\t\t\t\t\t\t\t\t\t<img loading=\"lazy\" decoding=\"async\" width=\"321\" height=\"119\" src=\"https:\/\/rabolini.fr\/wp-content\/uploads\/2024\/06\/CCF.png\" class=\"attachment-large size-large wp-image-1282\" alt=\"\" srcset=\"https:\/\/rabolini.fr\/wp-content\/uploads\/2024\/06\/CCF.png 321w, https:\/\/rabolini.fr\/wp-content\/uploads\/2024\/06\/CCF-300x111.png 300w\" sizes=\"(max-width: 321px) 100vw, 321px\" \/>\t\t\t\t\t\t\t\t\t\t\t\t\t\t\t<\/div>\n\t\t\t\t<\/div>\n\t\t\t\t<div class=\"elementor-element elementor-element-2d98fe7 elementor-widget elementor-widget-image\" data-id=\"2d98fe7\" data-element_type=\"widget\" data-widget_type=\"image.default\">\n\t\t\t\t<div class=\"elementor-widget-container\">\n\t\t\t\t\t\t\t\t\t\t\t\t\t\t\t<img loading=\"lazy\" decoding=\"async\" width=\"800\" height=\"800\" src=\"https:\/\/rabolini.fr\/wp-content\/uploads\/2024\/06\/Le-Petit-Ballon.svg\" class=\"attachment-large size-large wp-image-1281\" alt=\"\" \/>\t\t\t\t\t\t\t\t\t\t\t\t\t\t\t<\/div>\n\t\t\t\t<\/div>\n\t\t\t\t<div class=\"elementor-element elementor-element-bec09d0 elementor-widget elementor-widget-image\" data-id=\"bec09d0\" data-element_type=\"widget\" data-widget_type=\"image.default\">\n\t\t\t\t<div class=\"elementor-widget-container\">\n\t\t\t\t\t\t\t\t\t\t\t\t\t\t\t<img loading=\"lazy\" decoding=\"async\" width=\"886\" height=\"646\" src=\"https:\/\/rabolini.fr\/wp-content\/uploads\/2024\/06\/Sapeurs-Pompiers-de-France.png\" class=\"attachment-large size-large wp-image-1311\" alt=\"\" srcset=\"https:\/\/rabolini.fr\/wp-content\/uploads\/2024\/06\/Sapeurs-Pompiers-de-France.png 886w, https:\/\/rabolini.fr\/wp-content\/uploads\/2024\/06\/Sapeurs-Pompiers-de-France-300x219.png 300w, https:\/\/rabolini.fr\/wp-content\/uploads\/2024\/06\/Sapeurs-Pompiers-de-France-768x560.png 768w\" sizes=\"(max-width: 886px) 100vw, 886px\" \/>\t\t\t\t\t\t\t\t\t\t\t\t\t\t\t<\/div>\n\t\t\t\t<\/div>\n\t\t\t\t<div class=\"elementor-element elementor-element-4f91cde elementor-widget elementor-widget-image\" data-id=\"4f91cde\" data-element_type=\"widget\" data-widget_type=\"image.default\">\n\t\t\t\t<div class=\"elementor-widget-container\">\n\t\t\t\t\t\t\t\t\t\t\t\t\t\t\t<img loading=\"lazy\" decoding=\"async\" width=\"425\" height=\"425\" src=\"https:\/\/rabolini.fr\/wp-content\/uploads\/2024\/06\/Zenium.svg\" class=\"attachment-large size-large wp-image-1332\" alt=\"\" \/>\t\t\t\t\t\t\t\t\t\t\t\t\t\t\t<\/div>\n\t\t\t\t<\/div>\n\t\t\t\t<div class=\"elementor-element elementor-element-4b437c3 elementor-widget elementor-widget-image\" data-id=\"4b437c3\" data-element_type=\"widget\" data-widget_type=\"image.default\">\n\t\t\t\t<div class=\"elementor-widget-container\">\n\t\t\t\t\t\t\t\t\t\t\t\t\t\t\t<img loading=\"lazy\" decoding=\"async\" width=\"1024\" height=\"279\" src=\"https:\/\/rabolini.fr\/wp-content\/uploads\/2024\/06\/WMF-1024x279.png\" class=\"attachment-large size-large wp-image-1338\" alt=\"\" srcset=\"https:\/\/rabolini.fr\/wp-content\/uploads\/2024\/06\/WMF-1024x279.png 1024w, https:\/\/rabolini.fr\/wp-content\/uploads\/2024\/06\/WMF-300x82.png 300w, https:\/\/rabolini.fr\/wp-content\/uploads\/2024\/06\/WMF-768x209.png 768w, https:\/\/rabolini.fr\/wp-content\/uploads\/2024\/06\/WMF-1536x418.png 1536w, https:\/\/rabolini.fr\/wp-content\/uploads\/2024\/06\/WMF-2048x558.png 2048w\" sizes=\"(max-width: 1024px) 100vw, 1024px\" \/>\t\t\t\t\t\t\t\t\t\t\t\t\t\t\t<\/div>\n\t\t\t\t<\/div>\n\t\t\t\t<div class=\"elementor-element elementor-element-e5fcfa1 elementor-widget elementor-widget-image\" data-id=\"e5fcfa1\" data-element_type=\"widget\" data-widget_type=\"image.default\">\n\t\t\t\t<div class=\"elementor-widget-container\">\n\t\t\t\t\t\t\t\t\t\t\t\t\t\t\t<img loading=\"lazy\" decoding=\"async\" width=\"329\" height=\"274\" src=\"https:\/\/rabolini.fr\/wp-content\/uploads\/2024\/06\/Saint-Do.svg\" class=\"attachment-large size-large wp-image-1348\" alt=\"\" \/>\t\t\t\t\t\t\t\t\t\t\t\t\t\t\t<\/div>\n\t\t\t\t<\/div>\n\t\t\t\t<div class=\"elementor-element elementor-element-3fbd440 elementor-widget elementor-widget-image\" data-id=\"3fbd440\" data-element_type=\"widget\" data-widget_type=\"image.default\">\n\t\t\t\t<div class=\"elementor-widget-container\">\n\t\t\t\t\t\t\t\t\t\t\t\t\t\t\t<img loading=\"lazy\" decoding=\"async\" width=\"434\" height=\"290\" src=\"https:\/\/rabolini.fr\/wp-content\/uploads\/2024\/06\/VNF.svg\" class=\"attachment-large size-large wp-image-1349\" alt=\"\" \/>\t\t\t\t\t\t\t\t\t\t\t\t\t\t\t<\/div>\n\t\t\t\t<\/div>\n\t\t\t\t<div class=\"elementor-element elementor-element-28dcc69 elementor-widget elementor-widget-image\" data-id=\"28dcc69\" data-element_type=\"widget\" data-widget_type=\"image.default\">\n\t\t\t\t<div class=\"elementor-widget-container\">\n\t\t\t\t\t\t\t\t\t\t\t\t\t\t\t<img loading=\"lazy\" decoding=\"async\" width=\"754\" height=\"827\" src=\"https:\/\/rabolini.fr\/wp-content\/uploads\/2024\/06\/Mil-Lieux.png\" class=\"attachment-large size-large wp-image-1347\" alt=\"\" srcset=\"https:\/\/rabolini.fr\/wp-content\/uploads\/2024\/06\/Mil-Lieux.png 754w, https:\/\/rabolini.fr\/wp-content\/uploads\/2024\/06\/Mil-Lieux-274x300.png 274w\" sizes=\"(max-width: 754px) 100vw, 754px\" \/>\t\t\t\t\t\t\t\t\t\t\t\t\t\t\t<\/div>\n\t\t\t\t<\/div>\n\t\t\t\t<div class=\"elementor-element elementor-element-cce674a elementor-widget elementor-widget-image\" data-id=\"cce674a\" data-element_type=\"widget\" data-widget_type=\"image.default\">\n\t\t\t\t<div class=\"elementor-widget-container\">\n\t\t\t\t\t\t\t\t\t\t\t\t\t\t\t<img loading=\"lazy\" decoding=\"async\" width=\"467\" height=\"152\" src=\"https:\/\/rabolini.fr\/wp-content\/uploads\/2024\/06\/Expertis-CFE.svg\" class=\"attachment-large size-large wp-image-1346\" alt=\"\" \/>\t\t\t\t\t\t\t\t\t\t\t\t\t\t\t<\/div>\n\t\t\t\t<\/div>\n\t\t\t\t<div class=\"elementor-element elementor-element-aea6a8f elementor-widget elementor-widget-image\" data-id=\"aea6a8f\" data-element_type=\"widget\" data-widget_type=\"image.default\">\n\t\t\t\t<div class=\"elementor-widget-container\">\n\t\t\t\t\t\t\t\t\t\t\t\t\t\t\t<img loading=\"lazy\" decoding=\"async\" width=\"147\" height=\"53\" src=\"https:\/\/rabolini.fr\/wp-content\/uploads\/2024\/06\/STAN.svg\" class=\"attachment-large size-large wp-image-1421\" alt=\"\" \/>\t\t\t\t\t\t\t\t\t\t\t\t\t\t\t<\/div>\n\t\t\t\t<\/div>\n\t\t\t\t<div class=\"elementor-element elementor-element-79e2444 elementor-widget elementor-widget-image\" data-id=\"79e2444\" data-element_type=\"widget\" data-widget_type=\"image.default\">\n\t\t\t\t<div class=\"elementor-widget-container\">\n\t\t\t\t\t\t\t\t\t\t\t\t\t\t\t<img loading=\"lazy\" decoding=\"async\" width=\"709\" height=\"320\" src=\"https:\/\/rabolini.fr\/wp-content\/uploads\/2025\/06\/lesage-interieurs_logo.png\" class=\"attachment-medium_large size-medium_large wp-image-1885\" alt=\"\" srcset=\"https:\/\/rabolini.fr\/wp-content\/uploads\/2025\/06\/lesage-interieurs_logo.png 709w, https:\/\/rabolini.fr\/wp-content\/uploads\/2025\/06\/lesage-interieurs_logo-300x135.png 300w\" sizes=\"(max-width: 709px) 100vw, 709px\" \/>\t\t\t\t\t\t\t\t\t\t\t\t\t\t\t<\/div>\n\t\t\t\t<\/div>\n\t\t\t\t<div class=\"elementor-element elementor-element-64f60b6 elementor-widget elementor-widget-image\" data-id=\"64f60b6\" data-element_type=\"widget\" data-widget_type=\"image.default\">\n\t\t\t\t<div class=\"elementor-widget-container\">\n\t\t\t\t\t\t\t\t\t\t\t\t\t\t\t<img loading=\"lazy\" decoding=\"async\" width=\"785\" height=\"227\" src=\"https:\/\/rabolini.fr\/wp-content\/uploads\/2025\/06\/Canard-1.svg\" class=\"attachment-2048x2048 size-2048x2048 wp-image-1889\" alt=\"\" \/>\t\t\t\t\t\t\t\t\t\t\t\t\t\t\t<\/div>\n\t\t\t\t<\/div>\n\t\t\t\t\t<\/div>\n\t\t\t\t<\/div>\n\t\t<div class=\"elementor-element elementor-element-af0b098 e-con-full e-flex e-con e-child\" data-id=\"af0b098\" data-element_type=\"container\">\n\t\t\t\t<\/div>\n\t\t\t\t\t<\/div>\n\t\t\t\t<\/div>\n\t\t\t\t<\/div>\n\t\t","protected":false},"excerpt":{"rendered":"<p>HELLO ! Flexmotion est une agence de cr\u00e9ation sp\u00e9cialis\u00e9e en Motion Design, Films Publicitaires, Photographie et Design Graphique http:\/\/rabolini.fr\/wp-content\/uploads\/2024\/06\/Flexmotion-Vertical.mp4http:\/\/rabolini.fr\/wp-content\/uploads\/2024\/06\/Flexmotion.mp4 CLIENTS<\/p>\n","protected":false},"author":1,"featured_media":0,"parent":0,"menu_order":0,"comment_status":"closed","ping_status":"closed","template":"","meta":{"_seopress_robots_primary_cat":"","_seopress_titles_title":"","_seopress_titles_desc":"","_seopress_robots_index":"","site-sidebar-layout":"no-sidebar","site-content-layout":"","ast-site-content-layout":"full-width-container","site-content-style":"default","site-sidebar-style":"default","ast-global-header-display":"","ast-banner-title-visibility":"","ast-main-header-display":"","ast-hfb-above-header-display":"","ast-hfb-below-header-display":"","ast-hfb-mobile-header-display":"","site-post-title":"disabled","ast-breadcrumbs-content":"","ast-featured-img":"disabled","footer-sml-layout":"","theme-transparent-header-meta":"","adv-header-id-meta":"","stick-header-meta":"","header-above-stick-meta":"","header-main-stick-meta":"","header-below-stick-meta":"","astra-migrate-meta-layouts":"default","ast-page-background-enabled":"default","ast-page-background-meta":{"desktop":{"background-color":"var(--ast-global-color-4)","background-image":"","background-repeat":"repeat","background-position":"center center","background-size":"auto","background-attachment":"scroll","background-type":"","background-media":"","overlay-type":"","overlay-color":"","overlay-opacity":"","overlay-gradient":""},"tablet":{"background-color":"","background-image":"","background-repeat":"repeat","background-position":"center center","background-size":"auto","background-attachment":"scroll","background-type":"","background-media":"","overlay-type":"","overlay-color":"","overlay-opacity":"","overlay-gradient":""},"mobile":{"background-color":"","background-image":"","background-repeat":"repeat","background-position":"center center","background-size":"auto","background-attachment":"scroll","background-type":"","background-media":"","overlay-type":"","overlay-color":"","overlay-opacity":"","overlay-gradient":""}},"ast-content-background-meta":{"desktop":{"background-color":"var(--ast-global-color-5)","background-image":"","background-repeat":"repeat","background-position":"center center","background-size":"auto","background-attachment":"scroll","background-type":"","background-media":"","overlay-type":"","overlay-color":"","overlay-opacity":"","overlay-gradient":""},"tablet":{"background-color":"var(--ast-global-color-5)","background-image":"","background-repeat":"repeat","background-position":"center center","background-size":"auto","background-attachment":"scroll","background-type":"","background-media":"","overlay-type":"","overlay-color":"","overlay-opacity":"","overlay-gradient":""},"mobile":{"background-color":"var(--ast-global-color-5)","background-image":"","background-repeat":"repeat","background-position":"center center","background-size":"auto","background-attachment":"scroll","background-type":"","background-media":"","overlay-type":"","overlay-color":"","overlay-opacity":"","overlay-gradient":""}},"footnotes":""},"class_list":["post-6","page","type-page","status-publish","hentry"],"meta_box":[],"_links":{"self":[{"href":"https:\/\/rabolini.fr\/index.php\/wp-json\/wp\/v2\/pages\/6","targetHints":{"allow":["GET"]}}],"collection":[{"href":"https:\/\/rabolini.fr\/index.php\/wp-json\/wp\/v2\/pages"}],"about":[{"href":"https:\/\/rabolini.fr\/index.php\/wp-json\/wp\/v2\/types\/page"}],"author":[{"embeddable":true,"href":"https:\/\/rabolini.fr\/index.php\/wp-json\/wp\/v2\/users\/1"}],"replies":[{"embeddable":true,"href":"https:\/\/rabolini.fr\/index.php\/wp-json\/wp\/v2\/comments?post=6"}],"version-history":[{"count":648,"href":"https:\/\/rabolini.fr\/index.php\/wp-json\/wp\/v2\/pages\/6\/revisions"}],"predecessor-version":[{"id":1904,"href":"https:\/\/rabolini.fr\/index.php\/wp-json\/wp\/v2\/pages\/6\/revisions\/1904"}],"wp:attachment":[{"href":"https:\/\/rabolini.fr\/index.php\/wp-json\/wp\/v2\/media?parent=6"}],"curies":[{"name":"wp","href":"https:\/\/api.w.org\/{rel}","templated":true}]}}